{"id":6748,"date":"2016-10-04T18:13:32","date_gmt":"2016-10-04T18:13:32","guid":{"rendered":"http:\/\/www.moroccokeytravel.com\/morocco-accomodation\/"},"modified":"2017-10-31T16:04:33","modified_gmt":"2017-10-31T16:04:33","slug":"alloggio","status":"publish","type":"page","link":"https:\/\/www.moroccokeytravel.com\/it\/alloggio\/","title":{"rendered":"Alloggio"},"content":{"rendered":"<p>Dopo una bella visita, dei begli incontri, non c&#8217;\u00e9 niente di pi\u02d8 importante che ritrovarsi in un posto confortevole per riprendere le proprie forze e prepararsi per le prossime avventure.<\/p>\n<p>Ecco le diverse sistemazioni che vi proponiamo secondo le vostre esigenze.<\/p>\n<p>&nbsp;<\/p>\n<h3>RIAD<\/h3>\n<p>I riad sono edifici tradizionali dei centri urbani (medine). Queste dimore sono interamente chiuse verso l&#8217;esterno e si organizzano intorno ad un patio centrale, sul modello arabo-musulmano tradizionale. Spesso sono alberati e dotati di una fontana. Etimologicamente, \u00ecriad\u00ee significa \u00ecgiardino\u00ee in arabo.<\/p>\n<p>La medina di Marrakech presenta il pi\u02d8 vasto numero di dimore tradizionali affascinanti ma ne troverete di magnifiche in quasi tutte le cittae del Marocco.<\/p>\n<p>Alloggiare in un riad di charme vi farae viaggiare nel tempo e sarae foriero di una magica sensazione di serenitae. Sono luoghi perfetti per dimenticare lo stress e iniziare al meglio le vacanze.<\/p>\n<p>&nbsp;<\/p>\n<h3>ALBERGHI<\/h3>\n<p>Oltre a favorire momenti di convivialitae, sono luoghi dotati di confort. Alcuni sono magnifici, vitali, tipici, festivi. un concentrato di Marocco.<\/p>\n<p>Le persone che vi lavorano sono spesso patite dello scambio, gli alberghi permettono anche di incontrare altri viaggiatori e di scambiare con loro le proprie impressioni.<\/p>\n<p>&nbsp;<\/p>\n<h3>HOTELS<\/h3>\n<p>A volte si ha voglia di ritrovarsi, di imparare dalle persone con cui si viaggia, di approfittare al massimo delle escursioni e delle visite e allora il posto ideale e spesso il pi\u02d8 centrale \u00e9 sempre l&#8217;hotel.<\/p>\n<p>&nbsp;<\/p>\n<h3>BIVACCHI<\/h3>\n<p>Per essere pi\u02d8 vicini alla natura e alle tradizioni della gente nomade, se avete previsto dei soggiorni nel deserto, non esitate a trascorrere una notte sotto le tende berbere.<\/p>\n<p>Pernottare nel deserto vi permetterae di ammirare le stelle come non le avete mai viste.<\/p>\n","protected":false},"excerpt":{"rendered":"<p>Dopo una bella visita, dei begli incontri, non c&#8217;\u00e9 niente di pi\u02d8 importante che ritrovarsi in un posto confortevole per riprendere le proprie forze e prepararsi per le prossime avventure. Ecco le diverse sistemazioni che vi proponiamo secondo le vostre esigenze. &nbsp; RIAD I riad sono edifici tradizionali dei centri urbani (medine). Queste dimore sono [&hellip;]<\/p>\n","protected":false},"author":1,"featured_media":0,"parent":0,"menu_order":0,"comment_status":"closed","ping_status":"closed","template":"","meta":{"footnotes":""},"_links":{"self":[{"href":"https:\/\/www.moroccokeytravel.com\/it\/wp-json\/wp\/v2\/pages\/6748"}],"collection":[{"href":"https:\/\/www.moroccokeytravel.com\/it\/wp-json\/wp\/v2\/pages"}],"about":[{"href":"https:\/\/www.moroccokeytravel.com\/it\/wp-json\/wp\/v2\/types\/page"}],"author":[{"embeddable":true,"href":"https:\/\/www.moroccokeytravel.com\/it\/wp-json\/wp\/v2\/users\/1"}],"replies":[{"embeddable":true,"href":"https:\/\/www.moroccokeytravel.com\/it\/wp-json\/wp\/v2\/comments?post=6748"}],"version-history":[{"count":0,"href":"https:\/\/www.moroccokeytravel.com\/it\/wp-json\/wp\/v2\/pages\/6748\/revisions"}],"wp:attachment":[{"href":"https:\/\/www.moroccokeytravel.com\/it\/wp-json\/wp\/v2\/media?parent=6748"}],"curies":[{"name":"wp","href":"https:\/\/api.w.org\/{rel}","templated":true}]}}