{"id":6811,"date":"2016-10-04T18:19:00","date_gmt":"2016-10-04T18:19:00","guid":{"rendered":"http:\/\/www.moroccokeytravel.com\/transportation-morocco-travel-transport-agency\/"},"modified":"2017-10-31T17:06:58","modified_gmt":"2017-10-31T17:06:58","slug":"transport-touristique-maroc-morocco-travel-transport-agency","status":"publish","type":"page","link":"https:\/\/www.moroccokeytravel.com\/fr\/transport-touristique-maroc-morocco-travel-transport-agency\/","title":{"rendered":"Transport Touristique Maroc &#8211; Morocco Travel Transport Agency"},"content":{"rendered":"<p>Nos accompagnateurs choisissent le meilleur mode de d\u00e9placement parmis notre large flotte de v\u00e9hicules \u00e9quip\u00e9s, confortables et parfaitement entretenus.<\/p>\n<p>&nbsp;<\/p>\n<p>Un parc de voitures et minibus est adapt\u00e9s \u00e0 toutes vos aventures :<br \/>\n4&#215;4 de cat\u00e9gorie sup\u00e9rieure :<br \/>\nToyota Land Cruiser, climatis\u00e9, 6 personnes transport\u00e9es<br \/>\nLand Rover Defender : le v\u00e9hicule classique de l&rsquo;aventure dans le d\u00e9sert (6 personnes transport\u00e9es)<br \/>\nMinibus Ford, Hunday et Mercedes pour des voyages sur route en petits groupes (Climatis\u00e9, 9, 14 et 17 places)<br \/>\nChaque chauffeur prend soin de son v\u00e9hicule, qui est son outil de travail, et s&rsquo;occupe attentivement de ses clients. Il remplit le r\u00efle d&rsquo;un accompagnateur, et vous aide durant tout votre voyage.<br \/>\nNos chauffeurs connaissent particuli\u00e8rement bien les pistes et les routes de montagne (dont les plus superbes et les plus sauvages).<br \/>\nIls ont une exp\u00e9rience de nombreuses ann\u00e9es, et ont circul\u00e9 dans tout le Maroc, la c\u00efte, les circuits des villes imp\u00e9riales, en plus des multiples recoins secrets du Sud.<br \/>\nNos v\u00e9hicules sont achet\u00e9s neufs, et soumis \u00e0 un contr\u00efle technique tous les six mois. Ils sont remplac\u00e9s au bout de cinq ans maximum. Les chauffeurs passent une visite de contr\u00efle tous les deux ans. Vous \u00eates transport\u00e9s en toute s\u00e9curit\u00e9 !<\/p>\n","protected":false},"excerpt":{"rendered":"<p>Nos accompagnateurs choisissent le meilleur mode de d\u00e9placement parmis notre large flotte de v\u00e9hicules \u00e9quip\u00e9s, confortables et parfaitement entretenus. &nbsp; Un parc de voitures et minibus est adapt\u00e9s \u00e0 toutes vos aventures : 4&#215;4 de cat\u00e9gorie sup\u00e9rieure : Toyota Land Cruiser, climatis\u00e9, 6 personnes transport\u00e9es Land Rover Defender : le v\u00e9hicule classique de l&rsquo;aventure dans [&hellip;]<\/p>\n","protected":false},"author":1,"featured_media":0,"parent":0,"menu_order":0,"comment_status":"closed","ping_status":"closed","template":"","meta":{"footnotes":""},"_links":{"self":[{"href":"https:\/\/www.moroccokeytravel.com\/fr\/wp-json\/wp\/v2\/pages\/6811"}],"collection":[{"href":"https:\/\/www.moroccokeytravel.com\/fr\/wp-json\/wp\/v2\/pages"}],"about":[{"href":"https:\/\/www.moroccokeytravel.com\/fr\/wp-json\/wp\/v2\/types\/page"}],"author":[{"embeddable":true,"href":"https:\/\/www.moroccokeytravel.com\/fr\/wp-json\/wp\/v2\/users\/1"}],"replies":[{"embeddable":true,"href":"https:\/\/www.moroccokeytravel.com\/fr\/wp-json\/wp\/v2\/comments?post=6811"}],"version-history":[{"count":0,"href":"https:\/\/www.moroccokeytravel.com\/fr\/wp-json\/wp\/v2\/pages\/6811\/revisions"}],"wp:attachment":[{"href":"https:\/\/www.moroccokeytravel.com\/fr\/wp-json\/wp\/v2\/media?parent=6811"}],"curies":[{"name":"wp","href":"https:\/\/api.w.org\/{rel}","templated":true}]}}