{"id":6765,"date":"2016-10-04T18:20:02","date_gmt":"2016-10-04T18:20:02","guid":{"rendered":"http:\/\/www.moroccokeytravel.com\/prices\/"},"modified":"2017-10-31T16:23:24","modified_gmt":"2017-10-31T16:23:24","slug":"tarifs-voyage-maroc","status":"publish","type":"page","link":"https:\/\/www.moroccokeytravel.com\/fr\/tarifs-voyage-maroc\/","title":{"rendered":"Tarifs Voyage Maroc"},"content":{"rendered":"<p>Comme vous l&rsquo;avez sans doute bien compris, nous avons choisi d&rsquo;adapter chaque aventure aux envies que vous pouvez avoir et aussi au budget que vous pouvez consacrer.<br \/>\nAu Maroc comme dans beaucoup de pays il existe des tarifs saisoniers dans de nombreux h\u00f4tel, auberges, Ryads &#8230;. Nous aurons donc besoin de connaitre la p\u00e9riode \u00e0 laquelle vous souhaitez visiter notre pays pour vous donner le tarif de s\u00e9jour le plus juste. Pour cel\u00e0 l&rsquo;id\u00e9al serait de nous faire part de vos projets sur notre page de <a href=\"\/?page_id=6708\">contact<\/a>.<br \/>\nNous pouvons tout de m\u00eame vous pr\u00e9senter dans l&rsquo;imm\u00e9diat nos tarifs de transport qui eux sont fixes mais peuvent \u00eatre tout de m\u00eame \u00eatre ajust\u00e9s pour r\u00e9pondre au mieux \u00e0 vos attentes.<\/p>\n","protected":false},"excerpt":{"rendered":"<p>Comme vous l&rsquo;avez sans doute bien compris, nous avons choisi d&rsquo;adapter chaque aventure aux envies que vous pouvez avoir et aussi au budget que vous pouvez consacrer. Au Maroc comme dans beaucoup de pays il existe des tarifs saisoniers dans de nombreux h\u00f4tel, auberges, Ryads &#8230;. Nous aurons donc besoin de connaitre la p\u00e9riode \u00e0 [&hellip;]<\/p>\n","protected":false},"author":1,"featured_media":0,"parent":0,"menu_order":0,"comment_status":"closed","ping_status":"closed","template":"","meta":{"footnotes":""},"_links":{"self":[{"href":"https:\/\/www.moroccokeytravel.com\/fr\/wp-json\/wp\/v2\/pages\/6765"}],"collection":[{"href":"https:\/\/www.moroccokeytravel.com\/fr\/wp-json\/wp\/v2\/pages"}],"about":[{"href":"https:\/\/www.moroccokeytravel.com\/fr\/wp-json\/wp\/v2\/types\/page"}],"author":[{"embeddable":true,"href":"https:\/\/www.moroccokeytravel.com\/fr\/wp-json\/wp\/v2\/users\/1"}],"replies":[{"embeddable":true,"href":"https:\/\/www.moroccokeytravel.com\/fr\/wp-json\/wp\/v2\/comments?post=6765"}],"version-history":[{"count":0,"href":"https:\/\/www.moroccokeytravel.com\/fr\/wp-json\/wp\/v2\/pages\/6765\/revisions"}],"wp:attachment":[{"href":"https:\/\/www.moroccokeytravel.com\/fr\/wp-json\/wp\/v2\/media?parent=6765"}],"curies":[{"name":"wp","href":"https:\/\/api.w.org\/{rel}","templated":true}]}}