{"id":6747,"date":"2016-10-04T18:13:32","date_gmt":"2016-10-04T18:13:32","guid":{"rendered":"http:\/\/www.moroccokeytravel.com\/morocco-accomodation\/"},"modified":"2017-10-31T16:03:06","modified_gmt":"2017-10-31T16:03:06","slug":"hebergement","status":"publish","type":"page","link":"https:\/\/www.moroccokeytravel.com\/fr\/hebergement\/","title":{"rendered":"H\u00c9BERGEMENT"},"content":{"rendered":"<p>Apr\u00e8s de belles visites, de belles rencontres, rien n&rsquo;est plus important que de trouver un endroit comfortable pour reprendre des forces et pr\u00e9parer les prochaines aventures.<br \/>\nVoici les diff\u00e9rents types d&rsquo;h\u00e9bergement que nous proposons en fonction de vos envies.<\/p>\n<p>&nbsp;<\/p>\n<h2>RYADS<\/h2>\n<p>Les riads constituent un habitat traditionnel des centres urbains (m\u00e9dinas). Ces maisons sont enti\u00e8rement ferm\u00e9es sur l&rsquo;ext\u00e9rieur et s&rsquo;organisent autour du patio central, sur le mod\u00e8le de l&rsquo;habitat arabo-musulman traditonnel. Ils sont souvent arbor\u00e9s et dot\u00e9s d&rsquo;une fontaine. \u00c9tymologiquement, un \u00ab riad \u00bb signifie \u00ab jardin \u00bb en arabe.<br \/>\nC&rsquo;est dans la m\u00e9dina de Marrakech que l&rsquo;on trouve le plus grand nombre de ces demeures traditionnelles fascinantes mais vous en trouverez de magnifiques dans presque toutes les villes du Maroc.<br \/>\nPasser quelques temps dans un Ryad de charme donne une impr\u00e9ssion de voyage dans le temps et apporte une s\u00e9r\u00e9nit\u00e9 magique.<br \/>\nCe sont des endroits parfait pour oublier abandonner son stress et bien commencer ses vacances.<\/p>\n<p>&nbsp;<\/p>\n<h2>AUBERGUES<\/h2>\n<p>Hauts lieux de convivialit\u00e9 mais aussi de confort, certaines sont magnifiques, vivantes, typiques, festives &#8230; Du Maroc en condens\u00e9.<br \/>\nLes personnes qui y travail sont souvent de vrai passion\u00e9s de l&rsquo;\u00e9change, ce sont de beaux endroits pour rencontrer d&rsquo;autres voyageurs et \u00e9changer des impr\u00e9ssions.<\/p>\n<p>&nbsp;<\/p>\n<h3>HOTELS<\/h3>\n<p>Parfois l&rsquo;on a envie de se retrouver, de profiter de ceux avec qui on voyage, de profiter au maximum des excursions et des visites alors l&rsquo;endroit id\u00e9al et souvent le plus central reste l&rsquo;H\u00eftel.<\/p>\n<p>&nbsp;<\/p>\n<h3>BIVOUACS<\/h3>\n<p>Pour \u00eatre au plus pr\u00e8s de la nature et des traditions de la population nomade, si vous avez pr\u00e9vu un s\u00e9jour dans le d\u00e9sert n&rsquo;h\u00e9sitez pas \u00e0 passer une nuit sous les tentes berb\u00e8res.<br \/>\nUne nuit dans le d\u00e9sert c&rsquo;est aussi l&rsquo;occasion d&rsquo;admirer les \u00e9toiles sous un ciel pur.<\/p>\n","protected":false},"excerpt":{"rendered":"<p>Apr\u00e8s de belles visites, de belles rencontres, rien n&rsquo;est plus important que de trouver un endroit comfortable pour reprendre des forces et pr\u00e9parer les prochaines aventures. Voici les diff\u00e9rents types d&rsquo;h\u00e9bergement que nous proposons en fonction de vos envies. &nbsp; RYADS Les riads constituent un habitat traditionnel des centres urbains (m\u00e9dinas). Ces maisons sont enti\u00e8rement [&hellip;]<\/p>\n","protected":false},"author":1,"featured_media":0,"parent":0,"menu_order":0,"comment_status":"closed","ping_status":"closed","template":"","meta":{"footnotes":""},"_links":{"self":[{"href":"https:\/\/www.moroccokeytravel.com\/fr\/wp-json\/wp\/v2\/pages\/6747"}],"collection":[{"href":"https:\/\/www.moroccokeytravel.com\/fr\/wp-json\/wp\/v2\/pages"}],"about":[{"href":"https:\/\/www.moroccokeytravel.com\/fr\/wp-json\/wp\/v2\/types\/page"}],"author":[{"embeddable":true,"href":"https:\/\/www.moroccokeytravel.com\/fr\/wp-json\/wp\/v2\/users\/1"}],"replies":[{"embeddable":true,"href":"https:\/\/www.moroccokeytravel.com\/fr\/wp-json\/wp\/v2\/comments?post=6747"}],"version-history":[{"count":0,"href":"https:\/\/www.moroccokeytravel.com\/fr\/wp-json\/wp\/v2\/pages\/6747\/revisions"}],"wp:attachment":[{"href":"https:\/\/www.moroccokeytravel.com\/fr\/wp-json\/wp\/v2\/media?parent=6747"}],"curies":[{"name":"wp","href":"https:\/\/api.w.org\/{rel}","templated":true}]}}