{"id":6767,"date":"2016-10-04T18:20:02","date_gmt":"2016-10-04T18:20:02","guid":{"rendered":"http:\/\/www.moroccokeytravel.com\/prices\/"},"modified":"2017-10-31T16:24:49","modified_gmt":"2017-10-31T16:24:49","slug":"tarifas","status":"publish","type":"page","link":"https:\/\/www.moroccokeytravel.com\/es\/tarifas\/","title":{"rendered":"TARIFAS"},"content":{"rendered":"<p>Como lo habr\u00e0n comprendido, hemos optado por adaptarnos a la aventura que desean y tambi\u00e9n al presupuesto que puedan invertir. En Marruecos, como en muchos pa\u00edses existen tasas de temporada en muchos hoteles, posadas, riads &#8230;.<br \/>\nEn consecuencia, necesitamos saber el periodo en el que desean visitarnos para darle el precio de la estancia el m\u00e1s justo. Para ello lo ideal ser\u00eda que nos comuniquen sus proyectos en nuestra p\u00e1gina de <a href=\"\/?page_id=6710\">contacto<\/a>. Sin embargo ya podemos comunicarles las tarifas de transportes que son fijas, pero que a\u00fan pueden ser ajustadas.<\/p>\n","protected":false},"excerpt":{"rendered":"<p>Como lo habr\u00e0n comprendido, hemos optado por adaptarnos a la aventura que desean y tambi\u00e9n al presupuesto que puedan invertir. En Marruecos, como en muchos pa\u00edses existen tasas de temporada en muchos hoteles, posadas, riads &#8230;. En consecuencia, necesitamos saber el periodo en el que desean visitarnos para darle el precio de la estancia el [&hellip;]<\/p>\n","protected":false},"author":1,"featured_media":0,"parent":0,"menu_order":0,"comment_status":"closed","ping_status":"closed","template":"","meta":{"footnotes":""},"_links":{"self":[{"href":"https:\/\/www.moroccokeytravel.com\/es\/wp-json\/wp\/v2\/pages\/6767"}],"collection":[{"href":"https:\/\/www.moroccokeytravel.com\/es\/wp-json\/wp\/v2\/pages"}],"about":[{"href":"https:\/\/www.moroccokeytravel.com\/es\/wp-json\/wp\/v2\/types\/page"}],"author":[{"embeddable":true,"href":"https:\/\/www.moroccokeytravel.com\/es\/wp-json\/wp\/v2\/users\/1"}],"replies":[{"embeddable":true,"href":"https:\/\/www.moroccokeytravel.com\/es\/wp-json\/wp\/v2\/comments?post=6767"}],"version-history":[{"count":0,"href":"https:\/\/www.moroccokeytravel.com\/es\/wp-json\/wp\/v2\/pages\/6767\/revisions"}],"wp:attachment":[{"href":"https:\/\/www.moroccokeytravel.com\/es\/wp-json\/wp\/v2\/media?parent=6767"}],"curies":[{"name":"wp","href":"https:\/\/api.w.org\/{rel}","templated":true}]}}