{"id":6749,"date":"2016-10-04T18:13:32","date_gmt":"2016-10-04T18:13:32","guid":{"rendered":"http:\/\/www.moroccokeytravel.com\/morocco-accomodation\/"},"modified":"2017-10-31T16:05:55","modified_gmt":"2017-10-31T16:05:55","slug":"alojamientos","status":"publish","type":"page","link":"https:\/\/www.moroccokeytravel.com\/es\/alojamientos\/","title":{"rendered":"ALOJAMIENTOS"},"content":{"rendered":"<p>Despu\u00e9s de estas encatadoras visitas, nada es m\u00e1s importante que encontrarse en un lugar c\u00f3modo para reunir fuerzas y prepararse para la pr\u00f3xima aventura.<br \/>\nAqu\u00ed est\u00e1n los diferentes tipos de alojamiento que ofrecemos en funccion de sus deseos.<\/p>\n<p>&nbsp;<\/p>\n<h3>RIADS<\/h3>\n<p>Los Riads proporcionan el alojamiento tradicional de los centros urbanos (medinas). Estas casas estan completamente cerradas al exterior y se organizan en torno del patio central, modelo tradicional \u00e1rabo-musulm\u00e1n. A menudo con \u00e0rboles y una fuente.<br \/>\nEtimol\u00f3gicamente, una \u00abRiad\u00bb significa \u00abjard\u00edn\u00bb en \u00e1rabe. Es la medina de Marrakech que tiene el mayor n\u00famero de estas casas tradicionales, pero las encontrar\u00e1n en casi todas las ciudades de Marruecos. Pasar alg\u00fan tiempo en un Ryad da la sensaci\u00f2n de viajar en el tiempo y una serenidad m\u00e0gica. Estos son lugares perfectos para olvidar el estr\u00e9s y empezar sus vacaciones.<\/p>\n<p>&nbsp;<\/p>\n<h3>ALBERGUES<\/h3>\n<p>Altos lugares de buena convivencia, pero tambi\u00e9n de comodidad, algunos son magn\u00ecficos, animados, y festivos &#8230; Marruecos en condensado. Los que trabajan en estos lugares son aut\u00e8nticos apasionados de los intercambios, son hermosos lugares para conocer a otros viajeros e intercambiar impresiones.<\/p>\n<p>&nbsp;<\/p>\n<h3>HOTELS<\/h3>\n<p>A veces solo deseamos reunirnos con los que viajamos, sacar el m\u00e1ximo provecho de las excursiones y de las visitas, entonces a menudo el hotel sigue siendo la solucion ideal y m\u00e1s c\u00e9ntrico.<\/p>\n<p>&nbsp;<\/p>\n<h3>VIVAQUES<\/h3>\n<p>Para estar m\u00e1s cerca de la naturaleza y las tradiciones de la poblaci\u00f3n n\u00f3mada, si planea una estancia en el desierto, no duden en pasar una noche bajo la tienda bereber.<br \/>\nUna noche en el desierto es tambi\u00e9n la oportunidad de admirar las estrellas bajo un cielo puro.<\/p>\n","protected":false},"excerpt":{"rendered":"<p>Despu\u00e9s de estas encatadoras visitas, nada es m\u00e1s importante que encontrarse en un lugar c\u00f3modo para reunir fuerzas y prepararse para la pr\u00f3xima aventura. Aqu\u00ed est\u00e1n los diferentes tipos de alojamiento que ofrecemos en funccion de sus deseos. &nbsp; RIADS Los Riads proporcionan el alojamiento tradicional de los centros urbanos (medinas). Estas casas estan completamente [&hellip;]<\/p>\n","protected":false},"author":1,"featured_media":0,"parent":0,"menu_order":0,"comment_status":"closed","ping_status":"closed","template":"","meta":{"footnotes":""},"_links":{"self":[{"href":"https:\/\/www.moroccokeytravel.com\/es\/wp-json\/wp\/v2\/pages\/6749"}],"collection":[{"href":"https:\/\/www.moroccokeytravel.com\/es\/wp-json\/wp\/v2\/pages"}],"about":[{"href":"https:\/\/www.moroccokeytravel.com\/es\/wp-json\/wp\/v2\/types\/page"}],"author":[{"embeddable":true,"href":"https:\/\/www.moroccokeytravel.com\/es\/wp-json\/wp\/v2\/users\/1"}],"replies":[{"embeddable":true,"href":"https:\/\/www.moroccokeytravel.com\/es\/wp-json\/wp\/v2\/comments?post=6749"}],"version-history":[{"count":0,"href":"https:\/\/www.moroccokeytravel.com\/es\/wp-json\/wp\/v2\/pages\/6749\/revisions"}],"wp:attachment":[{"href":"https:\/\/www.moroccokeytravel.com\/es\/wp-json\/wp\/v2\/media?parent=6749"}],"curies":[{"name":"wp","href":"https:\/\/api.w.org\/{rel}","templated":true}]}}