{"id":6728,"date":"2016-10-04T18:16:20","date_gmt":"2016-10-04T18:16:20","guid":{"rendered":"http:\/\/www.moroccokeytravel.com\/events-in-morocco\/"},"modified":"2017-10-31T15:36:45","modified_gmt":"2017-10-31T15:36:45","slug":"eventos","status":"publish","type":"page","link":"https:\/\/www.moroccokeytravel.com\/es\/eventos\/","title":{"rendered":"EVENTOS"},"content":{"rendered":"<p>Algunos eventos son toda la belleza de un viaje a Marruecos A veces es suficiente para hacer un peque\u00f1o desv\u00edo y podemos compartir hermosas fiestas tradicionales. \u00c9stos son algunos de los atractivos que queremos compartir<\/p>\n<p>&nbsp;<\/p>\n<h3>Festival de las Rosas (Kelaa M&#8217;Gouna &#8211; Mayo)<\/h3>\n<p>Tradicionalmente se ha celebrado el segundo fin de semana de mayo. Hombres y mujeres vestidos con sus mejores trajes se re\u00fanen para celebrar y bailar. Los residentes Kelaa M&#8217;Gouna salpican sus visitantes el agua de rosas y lanzar p\u00e9talos de rosa que se depositan en la ropa. Las noches se llevan a cabo en los muchos jardines de rosas donde todo el mundo se re\u00fane para bailar y para elegir a la se\u00f1orita Roses. Una joven soltera se elegir\u00e1 reina por un d\u00eda.<br \/>\nSe desplaza en una carroza decorada y perfumada, los espectadores entusiastas v\u00edtores y p\u00e9talos de rosa esparcidos sobre el suelo donde ella va. Danzas folcl\u00f3ricas, como la danza Ahidous espada y la danza de la abeja animan las fiestas de noches.<\/p>\n<p>&nbsp;<\/p>\n<h3>Festival de las Artes Populares y el Festival Folk (Marrakech-junio)<\/h3>\n<p>Cada a\u00f1o en junio, Marrakech vibra con su Festival de Folk, que tendr\u00e1 lugar en el Palacio El Badi imperial, este magn\u00edfico palacio cuyo vasto patio es de moqueta y decoraci\u00f3n tradicional con mil facetas, est\u00e1 listo para recibir a m\u00fasicos, cantantes, bailarines, todos los del mundo del arte y la tradici\u00f3n popular en Marruecos, por no mencionar los miles de espectadores de todo saborear estos momentos. Hay una reuni\u00f3n pluma y danzas rituales del Atlas, y las de origen saharaui como Dekkah y bailes Guedra o Gnaoua rituales, ceremonias m\u00edsticas herederos de los cultos animistas de \u00c1frica negro.<\/p>\n<p>&nbsp;<\/p>\n<h3>Festival de M\u00fasica de Gnaoua en Essaouira (Essaouira &#8211; junio)<\/h3>\n<p>Este evento tiene como objetivo reunir a los mejores equipos de la m\u00fasica Gnaoua, y una multitud de grupos americanos y europeos Jazz. Este espect\u00e1culo fue creado por primera vez en 1960, fue una revelaci\u00f3n que, inmediatamente, el festival se llev\u00f3 a cabo entre la clase mundial muestra grandes.<br \/>\nhttp:\/\/www.festival-gnaoua.net\/<\/p>\n<p>&nbsp;<\/p>\n<h3>Festival de M\u00fasica Sacra (Fez &#8211; Mayo \/ Junio)<\/h3>\n<p>Fez capital espiritual del pa\u00eds, se convierte en el lugar cada a\u00f1o para reunir y convergencia de culturas que c\u00eftoient en el mundo, sin saberlo. Bajo el tema de la globalizaci\u00f3n, este evento naci\u00f3 en 1994, ha ganado ya aura internacional &#8230;<\/p>\n<p>http:\/\/www.fesfestival.com<\/p>\n<p>&nbsp;<\/p>\n<h3>Festival de Jazz en Oudayas (Rabat &#8211; octubre)<\/h3>\n<p>Perfectamente que refleja las ambiciones de la Asociaci\u00f3n Euro-Mediterr\u00e1nea discutido en la Conferencia de Barcelona de 1995, este evento se llevar\u00e1 a cabo el pr\u00f3ximo a\u00f1o, y ser\u00e1 gravado como centro de reuniones, intercambios y expresiones, cuyo principal sido el desarrollo de lo que hoy se llama el jazz europeo, al tiempo que permite la oportunidad, la apertura de la escena del jazz en Marruecos cuyo sincopada m\u00fasica est\u00e1 profundamente arraigada en las tradiciones antiguas del Magreb.<\/p>\n<p>&nbsp;<\/p>\n<h3>Festival Internacional de Cine (Marrakech &#8211; septiembre)<\/h3>\n<p>Este evento solemne permite m\u00e1s all\u00e1 de su impacto sustancial en la econom\u00eda y el turismo no s\u00f3lo la creaci\u00f3n de una plataforma de encuentros, intercambios y el di\u00e1logo, sino tambi\u00e9n una promesa de colaboraci\u00f3n entre aquellos que creen y aman el s\u00e9ptimo arte. El festival es \u00fanico en su segunda edici\u00f3n de este a\u00f1o de 2002, que ahora ser\u00e1 organizada por la Fundaci\u00f3n (el Festival Internacional de Cine de Marrakech) y presidido por Su Alteza Real el Pr\u00edncipe Moulay Rachid.<br \/>\nhttp:\/\/www.festivalmarrakech.info\/<\/p>\n<p>&nbsp;<\/p>\n<h3>Festival de Almendra (Taza &#8211; septiembre)<\/h3>\n<p>Esta Moussem agr\u00edcola se organiza para promover rural y agr\u00edcola, destacando los programas de desarrollo de almendros, olivos e higueras y especies arb\u00f3reas de la regi\u00f3n y almendras especies producidas en la Aknoul c\u00edrculo.<br \/>\nEste evento es seguido por el habitual desfile de Srta. Almendras, una procesi\u00f3n infinita de carrozas, una variedad de grupos folcl\u00f3ricos, un desfile de caballos enjaezados gente de a caballo &#8230; A menudo, el evento est\u00e1 marcado, adem\u00e1s de la expresi\u00f3n art\u00edstica a trav\u00e9s de seminarios de discusi\u00f3n sobre las t\u00e9cnicas de cultivo del almendro.<\/p>\n","protected":false},"excerpt":{"rendered":"<p>Algunos eventos son toda la belleza de un viaje a Marruecos A veces es suficiente para hacer un peque\u00f1o desv\u00edo y podemos compartir hermosas fiestas tradicionales. \u00c9stos son algunos de los atractivos que queremos compartir &nbsp; Festival de las Rosas (Kelaa M&#8217;Gouna &#8211; Mayo) Tradicionalmente se ha celebrado el segundo fin de semana de mayo. [&hellip;]<\/p>\n","protected":false},"author":1,"featured_media":0,"parent":0,"menu_order":0,"comment_status":"closed","ping_status":"closed","template":"","meta":{"footnotes":""},"_links":{"self":[{"href":"https:\/\/www.moroccokeytravel.com\/es\/wp-json\/wp\/v2\/pages\/6728"}],"collection":[{"href":"https:\/\/www.moroccokeytravel.com\/es\/wp-json\/wp\/v2\/pages"}],"about":[{"href":"https:\/\/www.moroccokeytravel.com\/es\/wp-json\/wp\/v2\/types\/page"}],"author":[{"embeddable":true,"href":"https:\/\/www.moroccokeytravel.com\/es\/wp-json\/wp\/v2\/users\/1"}],"replies":[{"embeddable":true,"href":"https:\/\/www.moroccokeytravel.com\/es\/wp-json\/wp\/v2\/comments?post=6728"}],"version-history":[{"count":0,"href":"https:\/\/www.moroccokeytravel.com\/es\/wp-json\/wp\/v2\/pages\/6728\/revisions"}],"wp:attachment":[{"href":"https:\/\/www.moroccokeytravel.com\/es\/wp-json\/wp\/v2\/media?parent=6728"}],"curies":[{"name":"wp","href":"https:\/\/api.w.org\/{rel}","templated":true}]}}